{"id":9421,"date":"2022-03-07T16:27:13","date_gmt":"2022-03-07T15:27:13","guid":{"rendered":"https:\/\/www.vascerquarterhorses.com\/?page_id=9421"},"modified":"2026-04-20T08:05:12","modified_gmt":"2026-04-20T07:05:12","slug":"o-nas-kontakt-info","status":"publish","type":"page","link":"https:\/\/www.vascerquarterhorses.com\/o-nas-kontakt-info\/","title":{"rendered":"O nama, kontakt & info"},"content":{"rendered":"<p><a href=\"https:\/\/www.vascerquarterhorses.com\/wp-content\/uploads\/2009\/12\/logo960.jpg\"><img loading=\"lazy\" class=\" size-full wp-image-5037 aligncenter\" src=\"https:\/\/www.vascerquarterhorses.com\/wp-content\/uploads\/2009\/12\/logo960.jpg\" alt=\"logo960\" width=\"960\" height=\"243\" srcset=\"https:\/\/www.vascerquarterhorses.com\/wp-content\/uploads\/2009\/12\/logo960.jpg 960w, https:\/\/www.vascerquarterhorses.com\/wp-content\/uploads\/2009\/12\/logo960-150x38.jpg 150w, https:\/\/www.vascerquarterhorses.com\/wp-content\/uploads\/2009\/12\/logo960-768x194.jpg 768w, https:\/\/www.vascerquarterhorses.com\/wp-content\/uploads\/2009\/12\/logo960-870x220.jpg 870w, https:\/\/www.vascerquarterhorses.com\/wp-content\/uploads\/2009\/12\/logo960-915x232.jpg 915w, https:\/\/www.vascerquarterhorses.com\/wp-content\/uploads\/2009\/12\/logo960-356x90.jpg 356w, https:\/\/www.vascerquarterhorses.com\/wp-content\/uploads\/2009\/12\/logo960-24x6.jpg 24w, https:\/\/www.vascerquarterhorses.com\/wp-content\/uploads\/2009\/12\/logo960-36x9.jpg 36w, https:\/\/www.vascerquarterhorses.com\/wp-content\/uploads\/2009\/12\/logo960-48x12.jpg 48w\" sizes=\"(max-width: 960px) 100vw, 960px\" \/><\/a><\/p>\n<h1 style=\"text-align: center;\"><span style=\"text-decoration: underline;\"><strong>WELCOME to Rocking V!<\/strong><\/span><\/h1>\n<p style=\"text-align: center;\">* * *<\/p>\n<h3 style=\"text-align: center;\"><span lang=\"hr-hr\"><strong>NUDIMO VAM:<br \/>\nRADIONICE &amp; SEMINARE ~ Individualni &amp; All Inclusive TRENING KONJA &amp; JAHA\u010cA<br \/>\nPRIPUSTNE PASTUHE ~ KONJE NA PRODAJU<\/strong><\/span><\/h3>\n<h3 style=\"text-align: center;\"><span lang=\"hr-hr\"><strong>~ POMO\u0106 I POSREDNI\u0160TVO KOD AQHA\/APHA\/APHC PAPIROLOGIJE ~<\/strong><\/span><\/h3>\n<h3 style=\"text-align: center;\">&nbsp;<\/h3>\n<p style=\"text-align: center;\">Marko &amp; Eva K. &amp; Gorazd &amp; Doroteja Va\u0161cer<br \/>\nLo\u010de 1<br \/>\nSI- 8257 Dobova<br \/>\nSlovenija<\/p>\n<p style=\"text-align: center;\">KMG-MID 100727789; M\u0160 2564807000<br \/>\nOKD, DDK; UVHVVR i UE registrirana pripustna postaja<br \/>\nProud members of AQHA, APHA &amp; ApHC.<\/p>\n<p style=\"text-align: center;\"><a href=\"mailto:\">info@vascerquarterhorses.com<\/a><\/p>\n<p style=\"text-align: center;\">* * *<\/p>\n<p style=\"text-align: center;\"><strong>Marko<\/strong><em> (AQHA Professional Horseman, Resident Horse Trainer &amp; Cattle Operation Manager)<\/em>, + 386 41 857 401<\/p>\n<p style=\"text-align: center;\">* * *<\/p>\n<p style=\"text-align: center;\">FACEBOOK: <a href=\"https:\/\/www.facebook.com\/vascerquarterhorses\/\" target=\"_blank\" rel=\"noopener\">@vascerquarterhorses<\/a><\/p>\n<p style=\"text-align: center;\">Instagram: <a href=\"https:\/\/www.instagram.com\/vascerquarterhorses\/\" target=\"_blank\" rel=\"noopener\">@vascerquarterhorses<\/a><\/p>\n<p style=\"text-align: center;\">* * *<\/p>\n<p style=\"text-align: justify;\"><span lang=\"hr-hr\">Na\u0161a filozofija zasniva se na spoznanjima najve\u010dih western konjara dana\u0161njice. Mislimo, da bi moralo biti vrijeme, koje provodimo s konjima, biti u zadovoljstvo, u\u017eitak i veselje za oboje. Konji su veoma iskrena bi\u010da i uvjek \u010de nam, na svoj na\u010din, otkrito re\u010di svoje mi\u0161ljenje. Mi se moramo samo potruditi, da jih razumijemo.<br \/>\n<strong>Na\u0161e AMBICIJE su biti pouzdan izvor znanja i informacija, kojima mo\u017eete vjerovati. Na\u0161a MISIJA je uzgoj i \u0161kolovanje odli\u010dnih ameri\u010dkih quarter konja. Na\u0161 CILJ je prona\u0107i vam konja, koji bi odgovarao va\u0161im ambicijama. Na\u0161 PLAN je raditi s vama i pomo\u0107i vam u ostvarivanju va\u0161ih \u017eelja. Na\u0161a NAGRADA je vidjeti vas sretne i zadovoljne.<\/strong><\/span><\/p>\n<p><span lang=\"hr-hr\">Ponosni smo, da smo \u010dlanovi AQHA, DQHA, APHA &amp; ApHC i kao takvima najva\u017enija nam je briga za dobrobit \u017eivotinja i poslovanje u skladu sa eti\u010dkim kodeksom. <\/span><\/p>\n<p style=\"text-align: justify;\"><span lang=\"hr-hr\">Dobrodo\u0161li na na\u0161oj stranici!<\/span><\/p>\n<p style=\"text-align: justify;\"><span lang=\"hr-hr\">Obitelj Va\u0161cer<\/span><\/p>\n<p style=\"text-align: center;\">* * *<\/p>\n<p><span lang=\"hr-hr\"> GDJE NAS NA\u0110ETE:<\/span><\/p>\n<p style=\"text-align: center;\"><iframe loading=\"lazy\" src=\"https:\/\/maps.google.com\/maps?f=q&amp;source=s_q&amp;hl=sl&amp;geocode=&amp;q=lo%C4%8De+,+dobova&amp;aq=&amp;sll=45.887689,15.665721&amp;sspn=0.002868,0.004801&amp;t=h&amp;ie=UTF8&amp;hq=&amp;hnear=Lo%C4%8De,+Bre%C5%BEice,+Slovenija&amp;ll=45.885305,15.664414&amp;spn=0.005735,0.009602&amp;z=14&amp;output=embed\" width=\"425\" height=\"350\" frameborder=\"0\" marginwidth=\"0\" marginheight=\"0\" scrolling=\"no\" data-mce-fragment=\"1\"><\/iframe><br \/>\n<small><a style=\"color: #0000ff; text-align: left;\" href=\"https:\/\/maps.google.com\/maps?f=q&amp;source=embed&amp;hl=sl&amp;geocode=&amp;q=lo%C4%8De+,+dobova&amp;aq=&amp;sll=45.887689,15.665721&amp;sspn=0.002868,0.004801&amp;t=h&amp;ie=UTF8&amp;hq=&amp;hnear=Lo%C4%8De,+Bre%C5%BEice,+Slovenija&amp;ll=45.885305,15.664414&amp;spn=0.005735,0.009602&amp;z=14\">Prika\u017ei ve\u010dji zemljevid<\/a><\/small><\/p>\n<p style=\"text-align: center;\">* * *<\/p>\n<p><span lang=\"hr-hr\"> Lokalne informacije: KAMO I\u0106I, \u0160TA VIDJETI &amp; RADITI:<\/span><\/p>\n<p><img loading=\"lazy\" class=\"aligncenter size-full wp-image-10348\" src=\"https:\/\/www.vascerquarterhorses.com\/wp-content\/uploads\/2026\/04\/Brezice.jpg\" alt=\"\" width=\"1024\" height=\"502\" srcset=\"https:\/\/www.vascerquarterhorses.com\/wp-content\/uploads\/2026\/04\/Brezice.jpg 1024w, https:\/\/www.vascerquarterhorses.com\/wp-content\/uploads\/2026\/04\/Brezice-150x74.jpg 150w, https:\/\/www.vascerquarterhorses.com\/wp-content\/uploads\/2026\/04\/Brezice-768x377.jpg 768w, https:\/\/www.vascerquarterhorses.com\/wp-content\/uploads\/2026\/04\/Brezice-870x427.jpg 870w, https:\/\/www.vascerquarterhorses.com\/wp-content\/uploads\/2026\/04\/Brezice-915x449.jpg 915w, https:\/\/www.vascerquarterhorses.com\/wp-content\/uploads\/2026\/04\/Brezice-184x90.jpg 184w, https:\/\/www.vascerquarterhorses.com\/wp-content\/uploads\/2026\/04\/Brezice-24x12.jpg 24w, https:\/\/www.vascerquarterhorses.com\/wp-content\/uploads\/2026\/04\/Brezice-36x18.jpg 36w, https:\/\/www.vascerquarterhorses.com\/wp-content\/uploads\/2026\/04\/Brezice-48x24.jpg 48w\" sizes=\"(max-width: 1024px) 100vw, 1024px\" \/><\/p>\n<p style=\"text-align: center;\">* * *<\/p>\n<p style=\"text-align: center;\"><a href=\"https:\/\/www.visitbrezice.si\/en\">VISIT BRE\u017dICE<\/a><\/p>\n<p style=\"text-align: center;\">* * *<\/p>\n<p style=\"text-align: center;\"><a href=\"https:\/\/www.visitposavje.com\/EN\/\">VISIT POSAVJE<\/a><\/p>\n<p style=\"text-align: center;\">* * *<\/p>\n<p style=\"text-align: center;\"><a href=\"https:\/\/posavje.com\/en\/\">\u010cATE\u017d IN POSAVJE<\/a><\/p>\n<p style=\"text-align: center;\">* * *<\/p>\n<p style=\"text-align: center;\"><span lang=\"sl-sl\"><a href=\"http:\/\/www.paradiso.si\/hr\/pocetna\/\">PARADISO &#8211; Spa &amp; Wellness Hotel ****<\/a><\/span><\/p>\n<p style=\"text-align: center;\">* * *<\/p>\n<p style=\"text-align: center;\"><span lang=\"sl-sl\"><a href=\"http:\/\/www.pmb.si\/en\/\">Grad (in Posavski muzej) Bre\u017eice<\/a><\/span><\/p>\n<p style=\"text-align: center;\">* * *<\/p>\n<p><em><span lang=\"hr-hr\">Slike i tekstovi su podvr\u017eeni autorskim pravima (Va\u0161cer Quarter Horses i\/ili Bine \u0160edivy Photography). Molimo vas, da to uva\u017eite i po\u0161tujete.<\/span><br \/>\n<\/em><\/p>\n","protected":false},"excerpt":{"rendered":"<p>WELCOME to Rocking V! * * * NUDIMO VAM: RADIONICE &amp; SEMINARE ~ Individualni &amp; All Inclusive TRENING KONJA &amp; JAHA\u010cA PRIPUSTNE PASTUHE ~ KONJE NA PRODAJU ~ POMO\u0106 I POSREDNI\u0160TVO KOD AQHA\/APHA\/APHC PAPIROLOGIJE ~ &nbsp; Marko &amp; Eva K. &amp; Gorazd &amp; Doroteja Va\u0161cer Lo\u010de 1 SI- 8257 Dobova Slovenija KMG-MID 100727789; M\u0160 2564807000 OKD, DDK; UVHVVR i UE registrirana pripustna postaja Proud members &hellip; <a href=\"https:\/\/www.vascerquarterhorses.com\/o-nas-kontakt-info\/\" class=\"more-link\">\u21e8<\/a><\/p>\n","protected":false},"author":3,"featured_media":5037,"parent":0,"menu_order":0,"comment_status":"closed","ping_status":"closed","template":"","meta":{"ngg_post_thumbnail":0},"_links":{"self":[{"href":"https:\/\/www.vascerquarterhorses.com\/wp-json\/wp\/v2\/pages\/9421"}],"collection":[{"href":"https:\/\/www.vascerquarterhorses.com\/wp-json\/wp\/v2\/pages"}],"about":[{"href":"https:\/\/www.vascerquarterhorses.com\/wp-json\/wp\/v2\/types\/page"}],"author":[{"embeddable":true,"href":"https:\/\/www.vascerquarterhorses.com\/wp-json\/wp\/v2\/users\/3"}],"replies":[{"embeddable":true,"href":"https:\/\/www.vascerquarterhorses.com\/wp-json\/wp\/v2\/comments?post=9421"}],"version-history":[{"count":11,"href":"https:\/\/www.vascerquarterhorses.com\/wp-json\/wp\/v2\/pages\/9421\/revisions"}],"predecessor-version":[{"id":10353,"href":"https:\/\/www.vascerquarterhorses.com\/wp-json\/wp\/v2\/pages\/9421\/revisions\/10353"}],"wp:featuredmedia":[{"embeddable":true,"href":"https:\/\/www.vascerquarterhorses.com\/wp-json\/wp\/v2\/media\/5037"}],"wp:attachment":[{"href":"https:\/\/www.vascerquarterhorses.com\/wp-json\/wp\/v2\/media?parent=9421"}],"curies":[{"name":"wp","href":"https:\/\/api.w.org\/{rel}","templated":true}]}}