{"id":9439,"date":"2022-03-07T17:05:46","date_gmt":"2022-03-07T16:05:46","guid":{"rendered":"https:\/\/www.vascerquarterhorses.com\/?page_id=9439"},"modified":"2022-03-08T21:30:25","modified_gmt":"2022-03-08T20:30:25","slug":"aqha-professional-horseman","status":"publish","type":"page","link":"https:\/\/www.vascerquarterhorses.com\/aqha-professional-horseman\/","title":{"rendered":"~AQHA Professional Horseman~"},"content":{"rendered":"<p><em><span lang=\"hr-hr\">AQHA Professional Horsemen ~ AQHA Profesionalni Konjari, tko smo mi i za\u0161to sura\u0111ivati s nama?<\/span><\/em><\/p>\n<p><strong><em><span lang=\"hr-hr\">AQHA Professional Horsemen Association je elitna grupa stru\u010dnjaka na podru\u010dju konjani\u0161tva, kojim mo\u017eete vjerovati.<\/span><\/em><\/strong><\/p>\n<p><span lang=\"hr-hr\">Mi smo va\u0161i prvi satovi jahanja i va\u0161a prva konjska utakmica. Pomo\u0107i \u0107emo vam da postignete svoje snove i u\u010diniti vas boljom osobom u radu s konjima. Mi smo standard konjarstva, dostojanstva i integriteta.<\/span><\/p>\n<p><span lang=\"hr-hr\">Konji\u010dka industrija, klijenti i American Quarter Horse Association (AQHA) od nas o\u010dekuju vi\u0161e standarde poslovanja. Ambasadori smo na podru\u010dju dobrobiti i za\u0161tite \u017eivotinja i uzor drugim organizacijama, koje se za mjerenje svoje uspje\u0161nosti orientiraju po nama. Na takmi\u010denjima smo stewardi i promoviramo dobro konjarstvo me\u0111u ljudima, zainteresiranim za konjeni\u0161tvo.<br \/>\n<\/span><br \/>\n<a href=\"https:\/\/www.vascerquarterhorses.com\/wp-content\/uploads\/2017\/11\/IMG_MARKO_aqha_08_960px.jpg\"><img class=\"aligncenter\" src=\"https:\/\/www.vascerquarterhorses.com\/wp-content\/uploads\/2017\/11\/IMG_MARKO_aqha_08_960px.jpg\" alt=\"\" \/><\/a><br \/>\n<span lang=\"hr-hr\">Svoj zadatak pru\u017eanja usluge American Quarter Horse (AQH) industriji obavljamo na profesionalan na\u010din. Sa javno\u0161\u0107u i na\u0161im kolegama poslujemo sa najvi\u0161im stupnjem integriteta. Postavili smo sljede\u0107u prisegu, koja nas obavezuje u nastojanjima za ispunjavanje na\u0161ih obaveza:<\/span><\/p>\n<ul>\n<li><span lang=\"hr-hr\">Pridr\u017eavati se profesionalnih standarda AQHA i raditi u korist njezinih namjena i ciljeva.<\/span><\/li>\n<li><span lang=\"hr-hr\">Osigurati da je dobrobit (ameri\u010dkog quarter) konja najva\u017enija i da \u0107e se sa svakim (ameri\u010dkim quarter) konjem u svakom trenutku postupati humano, dostojanstveno, sa po\u0161tivanjem i suosje\u0107anjem.<\/span><\/li>\n<li><span lang=\"hr-hr\">Provoditi sve poslove s integritetom, iskreno\u0161\u0107u i precizno\u0161\u0107u te na transparentan na\u010din.<\/span><\/li>\n<li><span lang=\"hr-hr\">Postupati s integritetom u financijskom poslovanju s klijentima, drugim profesionalcima i javnosti.<\/span><\/li>\n<li><span lang=\"hr-hr\">Potpuno otkriti kupcima stvarnu cijenu prodaje i provizije, koje su uklju\u010dene u prodaju ili kupnju konja.<\/span><\/li>\n<li><span lang=\"hr-hr\">Ne napla\u0107ivati ili primati nov\u010danu proviziju ili druk\u010diju nagradu, koja bi predstavljala proviziju, od oboje, kupca i prodava\u010da konja.<\/span><\/li>\n<li><span lang=\"hr-hr\">Voditi poslovanje i raditi na na\u010din, koji promi\u010de imid\u017e industrije AQH.<\/span><\/li>\n<li><span lang=\"hr-hr\">Poticati povjerenje me\u0111u klijentima i javno\u0161\u0107u u industriji AQH, izbjegavaju\u0107i bilo kakve radnje, koje bi industriju ili \u010dlanstvo u AQHA diskreditirale.<\/span><br \/>\n<strong><span lang=\"hr-hr\"><br \/>\nDakle, ponosan sam i po\u010da\u0161\u0107en, da sam AQHA Professional Horseman. I da sam vam, kao takav, na usluzi.<\/span><\/strong><br \/>\n<em>Marko Va\u0161cer, AQHA Professional Horseman<\/em><br \/>\n<img class=\"alignleft\" src=\"https:\/\/www.vascerquarterhorses.com\/wp-content\/uploads\/2017\/12\/image002.png\" alt=\"\" \/><\/li>\n<\/ul>\n<p>&nbsp;<\/p>\n<p style=\"text-align: center;\">&nbsp;<\/p>\n<p style=\"text-align: center;\"><strong><span lang=\"hr-hr\">~~~ Po\u0161ten do konja, iskren do vlasnika. ~~~<\/span><\/strong><\/p>\n<p><a href=\"https:\/\/www.vascerquarterhorses.com\/wp-content\/uploads\/2017\/11\/IMG_MARKO_aqha_01_960px.jpg\"><img class=\"aligncenter\" src=\"https:\/\/www.vascerquarterhorses.com\/wp-content\/uploads\/2017\/11\/IMG_MARKO_aqha_01_960px.jpg\" alt=\"\" \/><\/a><br \/>\n<span lang=\"hr-hr\">\u010clan sam AQHA, DQHA i, od jeseni 2017, AQHA Professional Horseman. <\/span><br \/>\n<span lang=\"hr-hr\"><br \/>\nNajvi\u0161e volim pridobivati iskustvo kod najboljih u\u010ditelja \u0161to ih se mo\u017ee na\u0107i \u2013 konja. <\/span><br \/>\n<span lang=\"hr-hr\"><br \/>\nOca sam po\u010deo pratiti po kasa\u010dkim utrkama dok sam bio jo\u0161, doslovce, u pelenama. Polako smo sulkije zamijenili za western sedla, kasa\u010de za ameri\u010dke quarter konje i postali studenti umjetnosti western konjarstva. Ve\u0107 od malih nogu zna\u010di skupljam kilometre i iskustva uz konje i u sedlu. <\/span><br \/>\n<span lang=\"hr-hr\"><br \/>\nZagovornik sam \u201eresistance-free\u201c, konju lako razumljivog i individualno prilago\u0111enog pristupa do u\u010denja, sa naglaskom na \u201efeelu\u201c, osje\u0107aju, koji se razvija uz rad sa konjima. Svakog dana \u017eelim i poku\u0161avam nau\u010diti ne\u0161to novo, \u0161to \u0107e mi pomagati kod boljeg razumijevanja i suradnje sa konjima. <\/span><br \/>\n<span lang=\"hr-hr\"><br \/>\nImao sam sre\u0107u da su mi bili roditelji aktivno uklju\u010deni u rad AQHA u Sloveniji i \u0161ire, jer sam se na taj na\u010din dobro upoznao sa AQH industrijom. Nau\u010dili su me i, rije\u010dima i dijelima, o va\u017enosti moralnih vrijednosti, etici, integriteti, po\u0161tovanju pravila i lojalnosti najve\u0107oj uzgojnoj organizaciji na svijetu. <\/span><br \/>\n<span lang=\"hr-hr\"><br \/>\nSve to mi je pomoglo, da sam 2014 godine postao \u010dlan ekipe za organizaciju Evropskog prvenstva ameri\u010dkog quarter konja. U veliku \u010dast mi je raditi i pridobivati iskustva sa najzna\u010dajnijim ljudima iz AQH industrije. <\/span><\/p>\n<p><span lang=\"hr-hr\">U jesen 2017 g. diplomirao sam na Biotehni\u010dkom fakultetu na temu Upotreba geneti\u010dkih testova kod uzgojnih organizacija za ameri\u010dke quarter konje. <\/span><\/p>\n<p><span lang=\"hr-hr\">Zahvalan sam svojoj obitelji, prijateljima, lojalnim klijentima i, naposljetku, i DQHA, na povjerenju i podr\u0161ci u mom radu i ambicijama. <\/span><\/p>\n<p><a href=\"https:\/\/www.vascerquarterhorses.com\/wp-content\/uploads\/2017\/11\/IMG_MARKO_aqha_02_960px.jpg\"><img class=\"aligncenter\" src=\"https:\/\/www.vascerquarterhorses.com\/wp-content\/uploads\/2017\/11\/IMG_MARKO_aqha_02_960px.jpg\" alt=\"\" \/><\/a><\/p>\n<p style=\"text-align: center;\"><em><strong><span lang=\"hr-hr\">Bez trikova ili posebne opreme, samo predanost razumijevanju konja. Nikakvo trgovanje, samo dobro konjarstvo.<\/span><\/strong><\/em><\/p>\n","protected":false},"excerpt":{"rendered":"<p>AQHA Professional Horsemen ~ AQHA Profesionalni Konjari, tko smo mi i za\u0161to sura\u0111ivati s nama? AQHA Professional Horsemen Association je elitna grupa stru\u010dnjaka na podru\u010dju konjani\u0161tva, kojim mo\u017eete vjerovati. Mi smo va\u0161i prvi satovi jahanja i va\u0161a prva konjska utakmica. Pomo\u0107i \u0107emo vam da postignete svoje snove i u\u010diniti vas boljom osobom u radu s konjima. Mi smo standard konjarstva, dostojanstva i integriteta. Konji\u010dka industrija, &hellip; <a href=\"https:\/\/www.vascerquarterhorses.com\/aqha-professional-horseman\/\" class=\"more-link\">\u21e8<\/a><\/p>\n","protected":false},"author":3,"featured_media":7179,"parent":0,"menu_order":0,"comment_status":"closed","ping_status":"closed","template":"","meta":{"ngg_post_thumbnail":0},"_links":{"self":[{"href":"https:\/\/www.vascerquarterhorses.com\/wp-json\/wp\/v2\/pages\/9439"}],"collection":[{"href":"https:\/\/www.vascerquarterhorses.com\/wp-json\/wp\/v2\/pages"}],"about":[{"href":"https:\/\/www.vascerquarterhorses.com\/wp-json\/wp\/v2\/types\/page"}],"author":[{"embeddable":true,"href":"https:\/\/www.vascerquarterhorses.com\/wp-json\/wp\/v2\/users\/3"}],"replies":[{"embeddable":true,"href":"https:\/\/www.vascerquarterhorses.com\/wp-json\/wp\/v2\/comments?post=9439"}],"version-history":[{"count":4,"href":"https:\/\/www.vascerquarterhorses.com\/wp-json\/wp\/v2\/pages\/9439\/revisions"}],"predecessor-version":[{"id":9471,"href":"https:\/\/www.vascerquarterhorses.com\/wp-json\/wp\/v2\/pages\/9439\/revisions\/9471"}],"wp:featuredmedia":[{"embeddable":true,"href":"https:\/\/www.vascerquarterhorses.com\/wp-json\/wp\/v2\/media\/7179"}],"wp:attachment":[{"href":"https:\/\/www.vascerquarterhorses.com\/wp-json\/wp\/v2\/media?parent=9439"}],"curies":[{"name":"wp","href":"https:\/\/api.w.org\/{rel}","templated":true}]}}