{"id":9558,"date":"2022-03-08T17:58:39","date_gmt":"2022-03-08T16:58:39","guid":{"rendered":"https:\/\/www.vascerquarterhorses.com\/?page_id=9558"},"modified":"2022-03-08T21:43:45","modified_gmt":"2022-03-08T20:43:45","slug":"reja-ameriskih-quarter-konj","status":"publish","type":"page","link":"https:\/\/www.vascerquarterhorses.com\/reja-ameriskih-quarter-konj\/","title":{"rendered":"Uzgoj ameri\u010dkih quarter konja"},"content":{"rendered":"<p><a href=\"https:\/\/www.vascerquarterhorses.com\/wp-content\/uploads\/2009\/11\/IMG_vqh_jul_16_0212_FACEBOOK.jpg\"><img class=\"aligncenter\" src=\"https:\/\/www.vascerquarterhorses.com\/wp-content\/uploads\/2009\/11\/IMG_vqh_jul_16_0212_FACEBOOK.jpg\" alt=\"IMG_vqh_jul_16_0212_FACEBOOK\" \/><\/a><br \/>\n<span lang=\"hr-hr\">Slu\u017ebeno je uzgoj ameri\u010dkog quarter konja kod nas zapo\u010deo 2003. godine. Temelji se na korektnih i zdravih konjih, tipi\u010dnih za pasminu, bez genetskih defekata i bolesti. Redovno oboga\u0107ujemo uzgoj pa\u017eljivo i plansko odabranim novim uzgojnim materialom, \u010dime se osigurava genetska raznolikost u Sloveniji i \u0161ire. <\/span><\/p>\n<p><span lang=\"hr-hr\"> Na\u0161 moto je \u201eoblik povezan s funkcijom\u201d, a o uspje\u0161nosti na\u0161eg uzgojnog programa odlu\u010duju uzgojni sudci njema\u010dke udruge ameri\u010dkog quarter konja, DQHA. Ponosni smo, da je ba\u0161 iz na\u0161e \u0161tale iza\u0161lo vi\u0161e prvaka uzgojnih smotri u Sloveniji, koji se pona\u0161aju s kvalitetnim pedigreima, odli\u010dnom konstitucijom i kretanjem, mentalno su stabilni, brzo u\u010de i voljni su raditi, a pogodni su i za utakmice i za rekreativno jahanje. <\/span><\/p>\n<p><strong><span lang=\"hr-hr\">Za\u0161to smo izabrali ameri\u010dkog quarter konja?<\/span><\/strong><br \/>\n<span lang=\"hr-hr\">Ran\u010d konji su vru\u0107a roba. Ljudi diljem svijeta tra\u017ee vezu s jednostavnijim vremenima, vremenima bez stresa, \u017eurbe i nervoze. Oni su u potrazi za konjem kao pametnim, pouzdanim i psihi\u010dki stabilnim partnerom na rekreacijskim jahanjima. Dobri ran\u010d konji postali su tako ne samo vru\u0107a roba, nego se priznaju i kao vrlo svestrani.<\/span><\/p>\n<p><span lang=\"hr-hr\">No \u0161to je ono \u0161to \u010dini dobrog ran\u010d konja? <\/span><em><span lang=\"hr-hr\">Prona\u0161li smo ove definicije u bro\u0161uri Texas Agricultural Extension Service-a. <\/span><\/em><br \/>\n<span lang=\"hr-hr\">\u2022 Mora se lako uhvatiti, sedlati i voditi, mora se spremno nalagati i razlagati sa prikolice. Tako\u0111er mora stajati mirno, kada ima iz bilo kojeg razloga vezane noge. Imati mora ugodan kas jer u tom hodu kauboji naj\u010de\u0161\u0107e putuju po pa\u0161njacima od nekoliko stotina hektara. Isto tako mora imati prijatan galop.<\/span><br \/>\n<span lang=\"hr-hr\"> \u2022 On mora imati pristojno zaustavljanje i rad oko njega mora biti jednostavan. Mora biti u stanju sortirati govedo i izdvojiti \u017eivotinju iz stada, te biti u stanju dovesti ju u oboru za veterinarski pregled.<\/span><br \/>\n<span lang=\"hr-hr\"> \u2022 Jaha\u010d mora s konja uloviti tele s lasom, u oboru ili na pa\u0161njaku, a zatim odvu\u010di \u0161to je ulovio na \u017eigosanje ili u prikolicu. Jaha\u010d mora biti u mogu\u0107nosti s konja otvarati i zatvarati vrata.<\/span><br \/>\n<span lang=\"hr-hr\"> \u2022 Ran\u010d konj mora imati sposobnost tr\u010danja veoma brzo, kad se to od njega zahtijeva. Ve\u010d u slijede\u010dem momentu se mora smiriti za obavljanje sporijih radova.<\/span><br \/>\n<span lang=\"hr-hr\"> \u2022 Ran\u010d konj mora biti spreman i u stanju prelaziti potoke i rijeke kada je to potrebno, \u010dak i ako to zna\u010di plivanje, a mora i izdr\u017eati prepreke kao \u0161to je grmlje tako gusto, da se svjetlost jedva probija kroz njega. Tako\u0111er se mora spretno kretati po kamenitom i neravnom tlu, bez da izgubi ravnote\u017eju.<\/span><br \/>\n<span lang=\"hr-hr\"> \u2022 Mirno mora \u010dekati, kad je \u201egroundtied\u201c (\u201evezan za zemlju\u201c), i mora biti spreman za no\u0161enje teleta preko sedla ako je potrebno.<\/span><br \/>\n<span lang=\"hr-hr\"> \u2022 On tako\u0111er mora stajati mirno dok jaha\u010d navu\u010de ili svu\u010de ki\u0161ni kaput.<\/span><br \/>\n<span lang=\"hr-hr\"> \u2022 Ran\u010d konja mora biti zdrav i fizi\u010dki spreman na svakodnevno jahanje. No on tako\u0111er mora biti upotrebljiv kod rije\u0111eg jahanja (jednom tjedno ili manje) i u takom slu\u010daju ne treba nikakvog dodatnog treninga odnosno privikavanja na rad.<\/span><br \/>\n<span lang=\"hr-hr\"> \u2022 Na kraju, ran\u010d konj mora sporazumno \u017eivjeti u krdu drugih konja i ne uzrokovati nikakve probleme.<\/span><\/p>\n<p><strong><span lang=\"hr-hr\">Za nas to zvu\u010di kao definicija pravog Ameri\u010dkog Quarter konja!<\/span><\/strong><\/p>\n","protected":false},"excerpt":{"rendered":"<p>Slu\u017ebeno je uzgoj ameri\u010dkog quarter konja kod nas zapo\u010deo 2003. godine. Temelji se na korektnih i zdravih konjih, tipi\u010dnih za pasminu, bez genetskih defekata i bolesti. Redovno oboga\u0107ujemo uzgoj pa\u017eljivo i plansko odabranim novim uzgojnim materialom, \u010dime se osigurava genetska raznolikost u Sloveniji i \u0161ire. Na\u0161 moto je \u201eoblik povezan s funkcijom\u201d, a o uspje\u0161nosti na\u0161eg uzgojnog programa odlu\u010duju uzgojni sudci njema\u010dke udruge ameri\u010dkog quarter &hellip; <a href=\"https:\/\/www.vascerquarterhorses.com\/reja-ameriskih-quarter-konj\/\" class=\"more-link\">\u21e8<\/a><\/p>\n","protected":false},"author":3,"featured_media":5958,"parent":0,"menu_order":0,"comment_status":"closed","ping_status":"closed","template":"","meta":{"ngg_post_thumbnail":0},"_links":{"self":[{"href":"https:\/\/www.vascerquarterhorses.com\/wp-json\/wp\/v2\/pages\/9558"}],"collection":[{"href":"https:\/\/www.vascerquarterhorses.com\/wp-json\/wp\/v2\/pages"}],"about":[{"href":"https:\/\/www.vascerquarterhorses.com\/wp-json\/wp\/v2\/types\/page"}],"author":[{"embeddable":true,"href":"https:\/\/www.vascerquarterhorses.com\/wp-json\/wp\/v2\/users\/3"}],"replies":[{"embeddable":true,"href":"https:\/\/www.vascerquarterhorses.com\/wp-json\/wp\/v2\/comments?post=9558"}],"version-history":[{"count":2,"href":"https:\/\/www.vascerquarterhorses.com\/wp-json\/wp\/v2\/pages\/9558\/revisions"}],"predecessor-version":[{"id":9581,"href":"https:\/\/www.vascerquarterhorses.com\/wp-json\/wp\/v2\/pages\/9558\/revisions\/9581"}],"wp:featuredmedia":[{"embeddable":true,"href":"https:\/\/www.vascerquarterhorses.com\/wp-json\/wp\/v2\/media\/5958"}],"wp:attachment":[{"href":"https:\/\/www.vascerquarterhorses.com\/wp-json\/wp\/v2\/media?parent=9558"}],"curies":[{"name":"wp","href":"https:\/\/api.w.org\/{rel}","templated":true}]}}