{"id":9565,"date":"2022-03-08T18:07:31","date_gmt":"2022-03-08T17:07:31","guid":{"rendered":"https:\/\/www.vascerquarterhorses.com\/?page_id=9565"},"modified":"2025-09-07T19:50:49","modified_gmt":"2025-09-07T18:50:49","slug":"poucevanje-ujahovanje-konj","status":"publish","type":"page","link":"https:\/\/www.vascerquarterhorses.com\/poucevanje-ujahovanje-konj\/","title":{"rendered":"\u0160kolovanje ~ ujahivanje konja"},"content":{"rendered":"<p><a href=\"https:\/\/www.vascerquarterhorses.com\/wp-content\/uploads\/2009\/12\/IMG_vqh_jul_16_0161_FACEBOOK.jpg\"><img class=\"aligncenter\" src=\"https:\/\/www.vascerquarterhorses.com\/wp-content\/uploads\/2009\/12\/IMG_vqh_jul_16_0161_FACEBOOK.jpg\" alt=\"\" \/><\/a><br \/>\n<span style=\"color: #ff0000;\"><strong>Kapacitete za sezonu 2025 i 2026 su popunjene!<\/strong><\/span><br \/>\n<span lang=\"hr-hr\">Svakome, koji se odlu\u010di, da nam povjeri osnovno \u0161kolovanje svog konja, poma\u017eemo s njim izgraditi vezu, koja \u010de temeljiti na me\u0111usobnom po\u0161tovanju i povjerenju. Bez suradnje vlastnika \u0161kolovanje konja gubi pravi smisao.<\/span><\/p>\n<p><span lang=\"hr-hr\">Svaki konj kod nas dobiva na\u0161u punu pozornost. Sa vlastnikom se dogovaramo odnosno savjetujemo oko re\u017eima prehrane, opskrbe i njege. Veliko pa\u017enje polagamo osnovnom <strong>radu na tlu<\/strong>, ujahivanje je <strong>posve prilago\u0111eno<\/strong> konjevim fizi\u010dkim i psihi\u010dkim sposobnostima. Redovito bilje\u017eenje rada i informiranje vlastnika o napretku je sastavni dio na\u0161eg programa, a aktivna uloga vlastnika u zaklju\u010dnom dijelu \u0161kolovanja uvjet, da sa konjem uspostavite kvalitetan odnos.<\/span><\/p>\n<p><strong><span lang=\"hr-hr\">Na\u0161 rad temelji isklju\u010divo na konju ugodnim metodama western konjarstva.<\/span><\/strong><\/p>\n<p><span lang=\"hr-hr\">Isto tako poma\u017eemo vam rije\u0161iti mogu\u0107e probleme u komunikaciji s va\u0161im konjem. Radimo i na <strong>REHABILITACIJI<\/strong> konja, koji nisu imali pravilnog odgoja ili treninga.<\/span><\/p>\n<p><span lang=\"hr-hr\">Za vi\u0161e informacija nazovite ili nam pi\u0161ite: <\/span><\/p>\n<p><span lang=\"sl-sl\">+ 386 41 857 401 (Marko)<\/span><br \/>\n<span lang=\"sl-sl\">e-mail: info(at)vascerquarterhorses.com<\/span><\/p>\n<p><span lang=\"hr-hr\">Ne vjerujte nam na rije\u010d, dogovorite posjetu i uvjerite se sami!<\/span><\/p>\n","protected":false},"excerpt":{"rendered":"<p>Kapacitete za sezonu 2025 i 2026 su popunjene! Svakome, koji se odlu\u010di, da nam povjeri osnovno \u0161kolovanje svog konja, poma\u017eemo s njim izgraditi vezu, koja \u010de temeljiti na me\u0111usobnom po\u0161tovanju i povjerenju. Bez suradnje vlastnika \u0161kolovanje konja gubi pravi smisao. Svaki konj kod nas dobiva na\u0161u punu pozornost. Sa vlastnikom se dogovaramo odnosno savjetujemo oko re\u017eima prehrane, opskrbe i njege. Veliko pa\u017enje polagamo osnovnom radu &hellip; <a href=\"https:\/\/www.vascerquarterhorses.com\/poucevanje-ujahovanje-konj\/\" class=\"more-link\">\u21e8<\/a><\/p>\n","protected":false},"author":4,"featured_media":5962,"parent":0,"menu_order":0,"comment_status":"closed","ping_status":"closed","template":"","meta":{"ngg_post_thumbnail":0},"_links":{"self":[{"href":"https:\/\/www.vascerquarterhorses.com\/wp-json\/wp\/v2\/pages\/9565"}],"collection":[{"href":"https:\/\/www.vascerquarterhorses.com\/wp-json\/wp\/v2\/pages"}],"about":[{"href":"https:\/\/www.vascerquarterhorses.com\/wp-json\/wp\/v2\/types\/page"}],"author":[{"embeddable":true,"href":"https:\/\/www.vascerquarterhorses.com\/wp-json\/wp\/v2\/users\/4"}],"replies":[{"embeddable":true,"href":"https:\/\/www.vascerquarterhorses.com\/wp-json\/wp\/v2\/comments?post=9565"}],"version-history":[{"count":4,"href":"https:\/\/www.vascerquarterhorses.com\/wp-json\/wp\/v2\/pages\/9565\/revisions"}],"predecessor-version":[{"id":10317,"href":"https:\/\/www.vascerquarterhorses.com\/wp-json\/wp\/v2\/pages\/9565\/revisions\/10317"}],"wp:featuredmedia":[{"embeddable":true,"href":"https:\/\/www.vascerquarterhorses.com\/wp-json\/wp\/v2\/media\/5962"}],"wp:attachment":[{"href":"https:\/\/www.vascerquarterhorses.com\/wp-json\/wp\/v2\/media?parent=9565"}],"curies":[{"name":"wp","href":"https:\/\/api.w.org\/{rel}","templated":true}]}}